{"id":77,"date":"2025-11-20T15:15:38","date_gmt":"2025-11-20T14:15:38","guid":{"rendered":"http:\/\/regio.com.pl\/?page_id=77"},"modified":"2026-04-03T16:39:08","modified_gmt":"2026-04-03T14:39:08","slug":"zespol","status":"publish","type":"page","link":"https:\/\/regio.com.pl\/?page_id=77","title":{"rendered":"zesp\u00f3\u0142"},"content":{"rendered":"\n<div class=\"wp-block-columns is-layout-flex wp-container-core-columns-is-layout-28f84493 wp-block-columns-is-layout-flex\">\n<div class=\"wp-block-column is-layout-flow wp-block-column-is-layout-flow\" style=\"flex-basis:43%\"><\/div>\n\n\n\n<div class=\"wp-block-column is-layout-flow wp-block-column-is-layout-flow\">\n<div class=\"wp-block-media-text is-stacked-on-mobile\"><figure class=\"wp-block-media-text__media\"><img fetchpriority=\"high\" decoding=\"async\" width=\"449\" height=\"449\" src=\"http:\/\/regio.com.pl\/wp-content\/uploads\/2025\/12\/1517785374727.png\" alt=\"\" class=\"wp-image-1319 size-full\" srcset=\"https:\/\/regio.com.pl\/wp-content\/uploads\/2025\/12\/1517785374727.png 449w, https:\/\/regio.com.pl\/wp-content\/uploads\/2025\/12\/1517785374727-300x300.png 300w, https:\/\/regio.com.pl\/wp-content\/uploads\/2025\/12\/1517785374727-150x150.png 150w\" sizes=\"(max-width: 449px) 100vw, 449px\" \/><\/figure><div class=\"wp-block-media-text__content\">\n<p style=\"font-size:14px\"><strong>Piotr Czy\u017cewski<\/strong><\/p>\n\n\n\n<p style=\"font-size:14px\"><strong>Za\u0142o\u017cyciel pracowni<\/strong><\/p>\n\n\n\n<p style=\"font-size:14px\">Architekt i urbanista, w 2011 roku, wraz ze wsp\u00f3lnikiem, Robertem Kr\u00f3lem, za\u0142o\u017cy\u0142 pracowni\u0119 Regio w Warszawie.<\/p>\n\n\n\n<p style=\"font-size:14px\">Architektur\u0119 studiowa\u0142 na Wydziale Architektury Politechniki Warszawskiej, kt\u00f3ry uko\u0144czy\u0142 w 2002. W tym samym roku w ramach stypendium kszta\u0142ci\u0142 si\u0119 w KTH, Kr\u00f3lewskim Instytucie Technologicznym w Sztokholmie.<\/p>\n<\/div><\/div>\n<\/div>\n<\/div>\n\n\n\n<div class=\"wp-block-columns is-layout-flex wp-container-core-columns-is-layout-28f84493 wp-block-columns-is-layout-flex\">\n<div class=\"wp-block-column is-layout-flow wp-block-column-is-layout-flow\" style=\"flex-basis:43%\"><\/div>\n\n\n\n<div class=\"wp-block-column is-layout-flow wp-block-column-is-layout-flow\">\n<div class=\"wp-block-media-text is-stacked-on-mobile\"><figure class=\"wp-block-media-text__media\"><img decoding=\"async\" width=\"1024\" height=\"1024\" src=\"http:\/\/regio.com.pl\/wp-content\/uploads\/2025\/12\/Snapseed-1-1-1024x1024.jpg\" alt=\"\" class=\"wp-image-1359 size-full\" srcset=\"https:\/\/regio.com.pl\/wp-content\/uploads\/2025\/12\/Snapseed-1-1-1024x1024.jpg 1024w, https:\/\/regio.com.pl\/wp-content\/uploads\/2025\/12\/Snapseed-1-1-300x300.jpg 300w, https:\/\/regio.com.pl\/wp-content\/uploads\/2025\/12\/Snapseed-1-1-150x150.jpg 150w, https:\/\/regio.com.pl\/wp-content\/uploads\/2025\/12\/Snapseed-1-1-768x768.jpg 768w, https:\/\/regio.com.pl\/wp-content\/uploads\/2025\/12\/Snapseed-1-1-1536x1536.jpg 1536w, https:\/\/regio.com.pl\/wp-content\/uploads\/2025\/12\/Snapseed-1-1-2048x2048.jpg 2048w\" sizes=\"(max-width: 1024px) 100vw, 1024px\" \/><\/figure><div class=\"wp-block-media-text__content\">\n<p style=\"font-size:14px\"><strong>Julita Zembrowska<\/strong><\/p>\n\n\n\n<p style=\"font-size:14px\"><strong>Starsza Architektka<\/strong> <\/p>\n\n\n\n<p style=\"font-size:14px\">Uko\u0144czy\u0142a studia na Wydziale Architektury Politechniki Warszawskiej w 2011 roku, zwi\u0105zana z Regio od 2022 roku.<\/p>\n<\/div><\/div>\n<\/div>\n<\/div>\n\n\n\n<div class=\"wp-block-columns is-layout-flex wp-container-core-columns-is-layout-28f84493 wp-block-columns-is-layout-flex\">\n<div class=\"wp-block-column is-layout-flow wp-block-column-is-layout-flow\" style=\"flex-basis:43%\"><\/div>\n\n\n\n<div class=\"wp-block-column is-layout-flow wp-block-column-is-layout-flow\">\n<div class=\"wp-block-media-text is-stacked-on-mobile\"><figure class=\"wp-block-media-text__media\"><img decoding=\"async\" width=\"1013\" height=\"1024\" src=\"http:\/\/regio.com.pl\/wp-content\/uploads\/2026\/04\/Stenzel_BW-1013x1024.jpg\" alt=\"\" class=\"wp-image-1917 size-full\" srcset=\"https:\/\/regio.com.pl\/wp-content\/uploads\/2026\/04\/Stenzel_BW-1013x1024.jpg 1013w, https:\/\/regio.com.pl\/wp-content\/uploads\/2026\/04\/Stenzel_BW-297x300.jpg 297w, https:\/\/regio.com.pl\/wp-content\/uploads\/2026\/04\/Stenzel_BW-768x777.jpg 768w, https:\/\/regio.com.pl\/wp-content\/uploads\/2026\/04\/Stenzel_BW-1519x1536.jpg 1519w, https:\/\/regio.com.pl\/wp-content\/uploads\/2026\/04\/Stenzel_BW-2025x2048.jpg 2025w\" sizes=\"(max-width: 1013px) 100vw, 1013px\" \/><\/figure><div class=\"wp-block-media-text__content\">\n<p style=\"font-size:14px\"><strong>Krzysztof Stenzel<\/strong><\/p>\n\n\n\n<p style=\"font-size:14px\"><strong>M\u0142odszy Architekt<\/strong><\/p>\n\n\n\n<p style=\"font-size:14px\">Student na Wydziale Architektury Politechniki Warszawskiej.<\/p>\n<\/div><\/div>\n\n\n\n<div class=\"wp-block-media-text is-stacked-on-mobile\"><figure class=\"wp-block-media-text__media\"><img loading=\"lazy\" decoding=\"async\" width=\"979\" height=\"1024\" src=\"http:\/\/regio.com.pl\/wp-content\/uploads\/2026\/04\/Szypulski_BW-979x1024.jpg\" alt=\"\" class=\"wp-image-1919 size-full\" srcset=\"https:\/\/regio.com.pl\/wp-content\/uploads\/2026\/04\/Szypulski_BW-979x1024.jpg 979w, https:\/\/regio.com.pl\/wp-content\/uploads\/2026\/04\/Szypulski_BW-287x300.jpg 287w, https:\/\/regio.com.pl\/wp-content\/uploads\/2026\/04\/Szypulski_BW-768x803.jpg 768w, https:\/\/regio.com.pl\/wp-content\/uploads\/2026\/04\/Szypulski_BW-1469x1536.jpg 1469w, https:\/\/regio.com.pl\/wp-content\/uploads\/2026\/04\/Szypulski_BW-1959x2048.jpg 1959w\" sizes=\"(max-width: 979px) 100vw, 979px\" \/><\/figure><div class=\"wp-block-media-text__content\">\n<p style=\"font-size:14px\"><strong>Ignacy Szypulski<\/strong><\/p>\n\n\n\n<p style=\"font-size:14px\"><strong>M\u0142odszy Architekt<\/strong><\/p>\n\n\n\n<p style=\"font-size:14px\">Student na Wydziale Architektury Politechniki Warszawskiej.<\/p>\n<\/div><\/div>\n<\/div>\n<\/div>\n\n\n\n<div style=\"height:50px\" aria-hidden=\"true\" class=\"wp-block-spacer\"><\/div>\n\n\n\n<p><\/p>\n","protected":false},"excerpt":{"rendered":"<p>Piotr Czy\u017cewski Za\u0142o\u017cyciel pracowni Architekt i urbanista, w 2011 roku, wraz ze wsp\u00f3lnikiem, Robertem Kr\u00f3lem, za\u0142o\u017cy\u0142 pracowni\u0119 Regio w Warszawie. [&hellip;]<\/p>\n","protected":false},"author":1,"featured_media":0,"parent":0,"menu_order":0,"comment_status":"closed","ping_status":"closed","template":"","meta":{"_uag_custom_page_level_css":"","site-sidebar-layout":"default","site-content-layout":"","ast-site-content-layout":"default","site-content-style":"default","site-sidebar-style":"default","ast-global-header-display":"","ast-banner-title-visibility":"","ast-main-header-display":"","ast-hfb-above-header-display":"","ast-hfb-below-header-display":"","ast-hfb-mobile-header-display":"","site-post-title":"disabled","ast-breadcrumbs-content":"","ast-featured-img":"","footer-sml-layout":"","ast-disable-related-posts":"","theme-transparent-header-meta":"","adv-header-id-meta":"","stick-header-meta":"","header-above-stick-meta":"","header-main-stick-meta":"","header-below-stick-meta":"","astra-migrate-meta-layouts":"default","ast-page-background-enabled":"default","ast-page-background-meta":{"desktop":{"background-color":"var(--ast-global-color-5)","background-image":"","background-repeat":"repeat","background-position":"center center","background-size":"auto","background-attachment":"scroll","background-type":"","background-media":"","overlay-type":"","overlay-color":"","overlay-opacity":"","overlay-gradient":""},"tablet":{"background-color":"","background-image":"","background-repeat":"repeat","background-position":"center center","background-size":"auto","background-attachment":"scroll","background-type":"","background-media":"","overlay-type":"","overlay-color":"","overlay-opacity":"","overlay-gradient":""},"mobile":{"background-color":"","background-image":"","background-repeat":"repeat","background-position":"center center","background-size":"auto","background-attachment":"scroll","background-type":"","background-media":"","overlay-type":"","overlay-color":"","overlay-opacity":"","overlay-gradient":""}},"ast-content-background-meta":{"desktop":{"background-color":"var(--ast-global-color-4)","background-image":"","background-repeat":"repeat","background-position":"center center","background-size":"auto","background-attachment":"scroll","background-type":"","background-media":"","overlay-type":"","overlay-color":"","overlay-opacity":"","overlay-gradient":""},"tablet":{"background-color":"var(--ast-global-color-4)","background-image":"","background-repeat":"repeat","background-position":"center center","background-size":"auto","background-attachment":"scroll","background-type":"","background-media":"","overlay-type":"","overlay-color":"","overlay-opacity":"","overlay-gradient":""},"mobile":{"background-color":"var(--ast-global-color-4)","background-image":"","background-repeat":"repeat","background-position":"center center","background-size":"auto","background-attachment":"scroll","background-type":"","background-media":"","overlay-type":"","overlay-color":"","overlay-opacity":"","overlay-gradient":""}},"footnotes":""},"class_list":["post-77","page","type-page","status-publish","hentry"],"uagb_featured_image_src":{"full":false,"thumbnail":false,"medium":false,"medium_large":false,"large":false,"1536x1536":false,"2048x2048":false},"uagb_author_info":{"display_name":"regioadmin","author_link":"https:\/\/regio.com.pl\/?author=1"},"uagb_comment_info":0,"uagb_excerpt":"Piotr Czy\u017cewski Za\u0142o\u017cyciel pracowni Architekt i urbanista, w 2011 roku, wraz ze wsp\u00f3lnikiem, Robertem Kr\u00f3lem, za\u0142o\u017cy\u0142 pracowni\u0119 Regio w Warszawie. [&hellip;]","_links":{"self":[{"href":"https:\/\/regio.com.pl\/index.php?rest_route=\/wp\/v2\/pages\/77","targetHints":{"allow":["GET"]}}],"collection":[{"href":"https:\/\/regio.com.pl\/index.php?rest_route=\/wp\/v2\/pages"}],"about":[{"href":"https:\/\/regio.com.pl\/index.php?rest_route=\/wp\/v2\/types\/page"}],"author":[{"embeddable":true,"href":"https:\/\/regio.com.pl\/index.php?rest_route=\/wp\/v2\/users\/1"}],"replies":[{"embeddable":true,"href":"https:\/\/regio.com.pl\/index.php?rest_route=%2Fwp%2Fv2%2Fcomments&post=77"}],"version-history":[{"count":17,"href":"https:\/\/regio.com.pl\/index.php?rest_route=\/wp\/v2\/pages\/77\/revisions"}],"predecessor-version":[{"id":1931,"href":"https:\/\/regio.com.pl\/index.php?rest_route=\/wp\/v2\/pages\/77\/revisions\/1931"}],"wp:attachment":[{"href":"https:\/\/regio.com.pl\/index.php?rest_route=%2Fwp%2Fv2%2Fmedia&parent=77"}],"curies":[{"name":"wp","href":"https:\/\/api.w.org\/{rel}","templated":true}]}}