{"id":75,"date":"2025-11-20T15:15:38","date_gmt":"2025-11-20T14:15:38","guid":{"rendered":"http:\/\/regio.com.pl\/?page_id=75"},"modified":"2026-04-01T15:05:46","modified_gmt":"2026-04-01T13:05:46","slug":"o-nas","status":"publish","type":"page","link":"https:\/\/regio.com.pl\/?page_id=75","title":{"rendered":"o nas"},"content":{"rendered":"\n<div class=\"wp-block-columns is-layout-flex wp-container-core-columns-is-layout-28f84493 wp-block-columns-is-layout-flex\">\n<div class=\"wp-block-column is-layout-flow wp-block-column-is-layout-flow\">\n<figure class=\"wp-block-gallery has-nested-images columns-3 wp-block-gallery-1 is-layout-flex wp-block-gallery-is-layout-flex\">\n<figure class=\"wp-block-image size-large\"><img fetchpriority=\"high\" decoding=\"async\" width=\"819\" height=\"1024\" data-id=\"1848\" src=\"http:\/\/regio.com.pl\/wp-content\/uploads\/2025\/12\/IMG_3061-819x1024.jpg\" alt=\"\" class=\"wp-image-1848\" srcset=\"https:\/\/regio.com.pl\/wp-content\/uploads\/2025\/12\/IMG_3061-819x1024.jpg 819w, https:\/\/regio.com.pl\/wp-content\/uploads\/2025\/12\/IMG_3061-240x300.jpg 240w, https:\/\/regio.com.pl\/wp-content\/uploads\/2025\/12\/IMG_3061-768x960.jpg 768w, https:\/\/regio.com.pl\/wp-content\/uploads\/2025\/12\/IMG_3061-1229x1536.jpg 1229w, https:\/\/regio.com.pl\/wp-content\/uploads\/2025\/12\/IMG_3061-1639x2048.jpg 1639w, https:\/\/regio.com.pl\/wp-content\/uploads\/2025\/12\/IMG_3061.jpg 1835w\" sizes=\"(max-width: 819px) 100vw, 819px\" \/><\/figure>\n\n\n\n<figure class=\"wp-block-image size-large\"><img decoding=\"async\" width=\"819\" height=\"1024\" data-id=\"1851\" src=\"http:\/\/regio.com.pl\/wp-content\/uploads\/2025\/12\/IMG_3130-819x1024.jpg\" alt=\"\" class=\"wp-image-1851\" srcset=\"https:\/\/regio.com.pl\/wp-content\/uploads\/2025\/12\/IMG_3130-819x1024.jpg 819w, https:\/\/regio.com.pl\/wp-content\/uploads\/2025\/12\/IMG_3130-240x300.jpg 240w, https:\/\/regio.com.pl\/wp-content\/uploads\/2025\/12\/IMG_3130-768x960.jpg 768w, https:\/\/regio.com.pl\/wp-content\/uploads\/2025\/12\/IMG_3130-1229x1536.jpg 1229w, https:\/\/regio.com.pl\/wp-content\/uploads\/2025\/12\/IMG_3130-1639x2048.jpg 1639w, https:\/\/regio.com.pl\/wp-content\/uploads\/2025\/12\/IMG_3130-scaled.jpg 2048w\" sizes=\"(max-width: 819px) 100vw, 819px\" \/><\/figure>\n\n\n\n<figure class=\"wp-block-image size-full\"><img decoding=\"async\" width=\"739\" height=\"924\" data-id=\"1852\" src=\"http:\/\/regio.com.pl\/wp-content\/uploads\/2025\/12\/f91e9878-8b65-4bf9-8459-4ac986682903.jpg\" alt=\"\" class=\"wp-image-1852\" srcset=\"https:\/\/regio.com.pl\/wp-content\/uploads\/2025\/12\/f91e9878-8b65-4bf9-8459-4ac986682903.jpg 739w, https:\/\/regio.com.pl\/wp-content\/uploads\/2025\/12\/f91e9878-8b65-4bf9-8459-4ac986682903-240x300.jpg 240w\" sizes=\"(max-width: 739px) 100vw, 739px\" \/><\/figure>\n\n\n\n<figure class=\"wp-block-image size-large\"><img loading=\"lazy\" decoding=\"async\" width=\"819\" height=\"1024\" data-id=\"1841\" src=\"https:\/\/regio.com.pl\/wp-content\/uploads\/2025\/12\/post-18-819x1024.jpg\" alt=\"\" class=\"wp-image-1841\" srcset=\"https:\/\/regio.com.pl\/wp-content\/uploads\/2025\/12\/post-18-819x1024.jpg 819w, https:\/\/regio.com.pl\/wp-content\/uploads\/2025\/12\/post-18-240x300.jpg 240w, https:\/\/regio.com.pl\/wp-content\/uploads\/2025\/12\/post-18-768x960.jpg 768w, https:\/\/regio.com.pl\/wp-content\/uploads\/2025\/12\/post-18-1229x1536.jpg 1229w, https:\/\/regio.com.pl\/wp-content\/uploads\/2025\/12\/post-18-1638x2048.jpg 1638w, https:\/\/regio.com.pl\/wp-content\/uploads\/2025\/12\/post-18-scaled.jpg 2048w\" sizes=\"(max-width: 819px) 100vw, 819px\" \/><\/figure>\n\n\n\n<figure class=\"wp-block-image size-large\"><img loading=\"lazy\" decoding=\"async\" width=\"543\" height=\"679\" data-id=\"1855\" src=\"https:\/\/regio.com.pl\/wp-content\/uploads\/2025\/12\/32f42321-6f6c-4cfc-a0b4-d9f9ded866fa.jpg\" alt=\"\" class=\"wp-image-1855\" srcset=\"https:\/\/regio.com.pl\/wp-content\/uploads\/2025\/12\/32f42321-6f6c-4cfc-a0b4-d9f9ded866fa.jpg 543w, https:\/\/regio.com.pl\/wp-content\/uploads\/2025\/12\/32f42321-6f6c-4cfc-a0b4-d9f9ded866fa-240x300.jpg 240w\" sizes=\"(max-width: 543px) 100vw, 543px\" \/><\/figure>\n\n\n\n<figure class=\"wp-block-image size-large\"><img loading=\"lazy\" decoding=\"async\" width=\"819\" height=\"1024\" data-id=\"1844\" src=\"https:\/\/regio.com.pl\/wp-content\/uploads\/2025\/12\/post213-819x1024.jpg\" alt=\"\" class=\"wp-image-1844\" srcset=\"https:\/\/regio.com.pl\/wp-content\/uploads\/2025\/12\/post213-819x1024.jpg 819w, https:\/\/regio.com.pl\/wp-content\/uploads\/2025\/12\/post213-240x300.jpg 240w, https:\/\/regio.com.pl\/wp-content\/uploads\/2025\/12\/post213-768x960.jpg 768w, https:\/\/regio.com.pl\/wp-content\/uploads\/2025\/12\/post213-1229x1536.jpg 1229w, https:\/\/regio.com.pl\/wp-content\/uploads\/2025\/12\/post213-1638x2048.jpg 1638w, https:\/\/regio.com.pl\/wp-content\/uploads\/2025\/12\/post213-scaled.jpg 2048w\" sizes=\"(max-width: 819px) 100vw, 819px\" \/><\/figure>\n\n\n\n<figure class=\"wp-block-image size-large\"><img loading=\"lazy\" decoding=\"async\" width=\"819\" height=\"1024\" data-id=\"1843\" src=\"https:\/\/regio.com.pl\/wp-content\/uploads\/2025\/12\/post13-819x1024.jpg\" alt=\"\" class=\"wp-image-1843\" srcset=\"https:\/\/regio.com.pl\/wp-content\/uploads\/2025\/12\/post13-819x1024.jpg 819w, https:\/\/regio.com.pl\/wp-content\/uploads\/2025\/12\/post13-240x300.jpg 240w, https:\/\/regio.com.pl\/wp-content\/uploads\/2025\/12\/post13-768x960.jpg 768w, https:\/\/regio.com.pl\/wp-content\/uploads\/2025\/12\/post13-1229x1536.jpg 1229w, https:\/\/regio.com.pl\/wp-content\/uploads\/2025\/12\/post13-1638x2048.jpg 1638w, https:\/\/regio.com.pl\/wp-content\/uploads\/2025\/12\/post13-scaled.jpg 2048w\" sizes=\"(max-width: 819px) 100vw, 819px\" \/><\/figure>\n\n\n\n<figure class=\"wp-block-image size-large\"><img loading=\"lazy\" decoding=\"async\" width=\"670\" height=\"838\" data-id=\"1854\" src=\"https:\/\/regio.com.pl\/wp-content\/uploads\/2025\/12\/79508461-4866-44c1-a994-112071c6e03a.jpg\" alt=\"\" class=\"wp-image-1854\" srcset=\"https:\/\/regio.com.pl\/wp-content\/uploads\/2025\/12\/79508461-4866-44c1-a994-112071c6e03a.jpg 670w, https:\/\/regio.com.pl\/wp-content\/uploads\/2025\/12\/79508461-4866-44c1-a994-112071c6e03a-240x300.jpg 240w\" sizes=\"(max-width: 670px) 100vw, 670px\" \/><\/figure>\n\n\n\n<figure class=\"wp-block-image size-large\"><img loading=\"lazy\" decoding=\"async\" width=\"693\" height=\"867\" data-id=\"1856\" src=\"https:\/\/regio.com.pl\/wp-content\/uploads\/2025\/12\/b93abb7a-6dde-4808-acdf-24b37d3f86ff.jpg\" alt=\"\" class=\"wp-image-1856\" srcset=\"https:\/\/regio.com.pl\/wp-content\/uploads\/2025\/12\/b93abb7a-6dde-4808-acdf-24b37d3f86ff.jpg 693w, https:\/\/regio.com.pl\/wp-content\/uploads\/2025\/12\/b93abb7a-6dde-4808-acdf-24b37d3f86ff-240x300.jpg 240w\" sizes=\"(max-width: 693px) 100vw, 693px\" \/><\/figure>\n<\/figure>\n<\/div>\n\n\n\n<div class=\"wp-block-column is-layout-flow wp-block-column-is-layout-flow\" style=\"flex-basis:33.5%\">\n<p style=\"font-size:14px\"><strong>Regio<\/strong> jest zespo\u0142em architekt\u00f3w i in\u017cynier\u00f3w kierujacych si\u0119 zasadami zr\u00f3wnowa\u017conego rozwoju.<\/p>\n\n\n\n<p style=\"font-size:14px\">Projektujemy od przys\u0142owiowej klamki do tkanki miejskiej, gdzie \u017cadne zadanie nie jest nam obce. Dbamy o etos i tradycj\u0119 naszego zawodu, kt\u00f3ry zawsze by\u0142 w stanie komunikowa\u0107 si\u0119 mi\u0119dzy wsp\u00f3\u0142czesnymi wymaganiami a tradycyjnymi warto\u015bciami. <\/p>\n\n\n\n<p style=\"font-size:14px\">Architektura wed\u0142ug Regio nie zawdzi\u0119cza swej wartro\u015bci ani genialnemu wynalazkowi, ani wyczerpanemu w indywidualnym stylu. To raczej cierpliwe poszukiwanie najbardziej przekonuj\u0105cej formy w niesko\u0144czonym uk\u0142adzie zmiennych. <\/p>\n\n\n\n<div style=\"height:4px\" aria-hidden=\"true\" class=\"wp-block-spacer\"><\/div>\n\n\n\n<p class=\"has-text-color has-link-color wp-elements-1b98ddacfcdeeb8dd485a3e6bbb2a88b\" style=\"color:#658354;font-size:14px\"><strong>Regio oznacza architektur\u0119 z poszanowaniem natury i krajobrazu w tradycji europejskiego budownictwa miejskiego i jego wyj\u0105tkowej urbanizacji.<\/strong><\/p>\n\n\n\n<p class=\"has-text-color has-link-color wp-elements-1d4a8de604576adb6b64369cbd62dab5\" style=\"color:#658354;font-size:14px\"><strong>Regio oznacza architektur\u0119 naturalnych materia\u0142\u00f3w w tradycyjnym rozumieniu i precyzyjny kunszt, nie trac\u0105c z oczu wsp\u00f3\u0142czesnego podej\u015bcia do \u017cycia.<\/strong><\/p>\n\n\n\n<p class=\"has-text-color has-link-color wp-elements-68d6a800d8ce20ee5d3b0cf3172add0a\" style=\"color:#658354;font-size:14px\"><strong>Regio oznacza zr\u00f3wnowa\u017cony rozw\u00f3j, kt\u00f3ry zawsze by\u0142 g\u0142\u00f3wnym tematem naszej pracy, kt\u00f3ra nie po\u015bwi\u0119ca si\u0119 futurystycznym mira\u017com ani nie tworzy jedynie prostej strategii marketingowej.<\/strong><\/p>\n\n\n\n<div style=\"height:20px\" aria-hidden=\"true\" class=\"wp-block-spacer\"><\/div>\n\n\n\n<p style=\"font-size:14px\"><strong>Nagrody:<\/strong><\/p>\n\n\n\n<p style=\"font-size:14px\"><strong>2025:<\/strong> II miejsce w konkursie na koncepcj\u0119 zagospodarowania ul. D\u0142ugie Ogrody<\/p>\n\n\n\n<p style=\"font-size:14px\"><strong>2021:<\/strong> I miejsce w konkursie na opracowanie projektu miejskiej biblioteki i\u00a0przedszkola\u00a0przy ul. Asnyka w\u00a0J\u00f3zefowie<\/p>\n<\/div>\n<\/div>\n\n\n\n<div style=\"height:50px\" aria-hidden=\"true\" class=\"wp-block-spacer\"><\/div>\n","protected":false},"excerpt":{"rendered":"<p>Regio jest zespo\u0142em architekt\u00f3w i in\u017cynier\u00f3w kierujacych si\u0119 zasadami zr\u00f3wnowa\u017conego rozwoju. Projektujemy od przys\u0142owiowej klamki do tkanki miejskiej, gdzie \u017cadne [&hellip;]<\/p>\n","protected":false},"author":1,"featured_media":0,"parent":0,"menu_order":0,"comment_status":"closed","ping_status":"closed","template":"elementor_theme","meta":{"_uag_custom_page_level_css":"","site-sidebar-layout":"default","site-content-layout":"","ast-site-content-layout":"default","site-content-style":"default","site-sidebar-style":"default","ast-global-header-display":"","ast-banner-title-visibility":"","ast-main-header-display":"","ast-hfb-above-header-display":"","ast-hfb-below-header-display":"","ast-hfb-mobile-header-display":"","site-post-title":"disabled","ast-breadcrumbs-content":"","ast-featured-img":"","footer-sml-layout":"","ast-disable-related-posts":"","theme-transparent-header-meta":"","adv-header-id-meta":"","stick-header-meta":"","header-above-stick-meta":"","header-main-stick-meta":"","header-below-stick-meta":"","astra-migrate-meta-layouts":"default","ast-page-background-enabled":"default","ast-page-background-meta":{"desktop":{"background-color":"var(--ast-global-color-5)","background-image":"","background-repeat":"repeat","background-position":"center center","background-size":"auto","background-attachment":"scroll","background-type":"","background-media":"","overlay-type":"","overlay-color":"","overlay-opacity":"","overlay-gradient":""},"tablet":{"background-color":"","background-image":"","background-repeat":"repeat","background-position":"center center","background-size":"auto","background-attachment":"scroll","background-type":"","background-media":"","overlay-type":"","overlay-color":"","overlay-opacity":"","overlay-gradient":""},"mobile":{"background-color":"","background-image":"","background-repeat":"repeat","background-position":"center center","background-size":"auto","background-attachment":"scroll","background-type":"","background-media":"","overlay-type":"","overlay-color":"","overlay-opacity":"","overlay-gradient":""}},"ast-content-background-meta":{"desktop":{"background-color":"var(--ast-global-color-4)","background-image":"","background-repeat":"repeat","background-position":"center center","background-size":"auto","background-attachment":"scroll","background-type":"","background-media":"","overlay-type":"","overlay-color":"","overlay-opacity":"","overlay-gradient":""},"tablet":{"background-color":"var(--ast-global-color-4)","background-image":"","background-repeat":"repeat","background-position":"center center","background-size":"auto","background-attachment":"scroll","background-type":"","background-media":"","overlay-type":"","overlay-color":"","overlay-opacity":"","overlay-gradient":""},"mobile":{"background-color":"var(--ast-global-color-4)","background-image":"","background-repeat":"repeat","background-position":"center center","background-size":"auto","background-attachment":"scroll","background-type":"","background-media":"","overlay-type":"","overlay-color":"","overlay-opacity":"","overlay-gradient":""}},"footnotes":""},"class_list":["post-75","page","type-page","status-publish","hentry"],"uagb_featured_image_src":{"full":false,"thumbnail":false,"medium":false,"medium_large":false,"large":false,"1536x1536":false,"2048x2048":false},"uagb_author_info":{"display_name":"regioadmin","author_link":"https:\/\/regio.com.pl\/?author=1"},"uagb_comment_info":0,"uagb_excerpt":"Regio jest zespo\u0142em architekt\u00f3w i in\u017cynier\u00f3w kierujacych si\u0119 zasadami zr\u00f3wnowa\u017conego rozwoju. Projektujemy od przys\u0142owiowej klamki do tkanki miejskiej, gdzie \u017cadne [&hellip;]","_links":{"self":[{"href":"https:\/\/regio.com.pl\/index.php?rest_route=\/wp\/v2\/pages\/75","targetHints":{"allow":["GET"]}}],"collection":[{"href":"https:\/\/regio.com.pl\/index.php?rest_route=\/wp\/v2\/pages"}],"about":[{"href":"https:\/\/regio.com.pl\/index.php?rest_route=\/wp\/v2\/types\/page"}],"author":[{"embeddable":true,"href":"https:\/\/regio.com.pl\/index.php?rest_route=\/wp\/v2\/users\/1"}],"replies":[{"embeddable":true,"href":"https:\/\/regio.com.pl\/index.php?rest_route=%2Fwp%2Fv2%2Fcomments&post=75"}],"version-history":[{"count":16,"href":"https:\/\/regio.com.pl\/index.php?rest_route=\/wp\/v2\/pages\/75\/revisions"}],"predecessor-version":[{"id":1863,"href":"https:\/\/regio.com.pl\/index.php?rest_route=\/wp\/v2\/pages\/75\/revisions\/1863"}],"wp:attachment":[{"href":"https:\/\/regio.com.pl\/index.php?rest_route=%2Fwp%2Fv2%2Fmedia&parent=75"}],"curies":[{"name":"wp","href":"https:\/\/api.w.org\/{rel}","templated":true}]}}