{"id":643,"date":"2025-12-08T14:47:19","date_gmt":"2025-12-08T13:47:19","guid":{"rendered":"https:\/\/regio.com.pl\/?page_id=643"},"modified":"2025-12-29T16:38:09","modified_gmt":"2025-12-29T15:38:09","slug":"purda-chata-pola-ziela-na-warmii","status":"publish","type":"page","link":"https:\/\/regio.com.pl\/?page_id=643","title":{"rendered":"PURDA &#8211; Chata Pola Ziela na Warmii"},"content":{"rendered":"\n<div class=\"wp-block-media-text is-stacked-on-mobile\"><figure class=\"wp-block-media-text__media\"><img fetchpriority=\"high\" decoding=\"async\" width=\"1024\" height=\"768\" src=\"http:\/\/regio.com.pl\/wp-content\/uploads\/2025\/12\/PURDA-1024x768.png\" alt=\"\" class=\"wp-image-1416 size-full\" srcset=\"https:\/\/regio.com.pl\/wp-content\/uploads\/2025\/12\/PURDA-1024x768.png 1024w, https:\/\/regio.com.pl\/wp-content\/uploads\/2025\/12\/PURDA-300x225.png 300w, https:\/\/regio.com.pl\/wp-content\/uploads\/2025\/12\/PURDA-768x576.png 768w, https:\/\/regio.com.pl\/wp-content\/uploads\/2025\/12\/PURDA-1536x1152.png 1536w, https:\/\/regio.com.pl\/wp-content\/uploads\/2025\/12\/PURDA-2048x1536.png 2048w\" sizes=\"(max-width: 1024px) 100vw, 1024px\" \/><\/figure><div class=\"wp-block-media-text__content\">\n<p style=\"font-size:18px;letter-spacing:3px\"><strong>CHATA POLA ZIELA<\/strong><\/p>\n\n\n\n<p style=\"font-size:14px\"><strong>lokalizacja: Purda, Warmia<\/strong><\/p>\n\n\n\n<p style=\"font-size:14px\"><strong>realizacja koncepcji i projektu wykonawczego: 2022-2023<\/strong><\/p>\n\n\n\n<p style=\"font-size:14px\"><strong>inwestor:<\/strong> Pola Ziela<\/p>\n\n\n\n<p style=\"font-size:14px\"><strong>zesp\u00f3\u0142 projektowy: <\/strong>Piotr Czy\u017cewski<\/p>\n\n\n\n<p style=\"font-size:14px\"><strong>powierzchnia zabudowy: <\/strong>114 m\u00b2<\/p>\n\n\n\n<p style=\"font-size:14px\">Chata Zielarza to prefabrykowany dom modu\u0142owy zaprojektowany jako tradycyjna pracownia zielarska. Odbywaj\u0105 si\u0119 tu warsztaty z pracy z zio\u0142ami i nasionami, a wszystko to w otoczeniu \u0142\u0105k, lasu i z widokiem na jezioro. Elewacja domu zosta\u0142a stworzona z ma\u0142ych struganych deseczek z drewna osikowego, dzi\u0119ki czemu bry\u0142a g\u0142\u00f3wna wygl\u0105da naturalnie i organicznie.<\/p>\n<\/div><\/div>\n\n\n\n<figure class=\"wp-block-gallery has-nested-images columns-2 is-cropped wp-block-gallery-1 is-layout-flex wp-block-gallery-is-layout-flex\" style=\"margin-top:24px\">\n<figure class=\"wp-block-image size-large\"><img decoding=\"async\" width=\"997\" height=\"748\" data-id=\"605\" src=\"https:\/\/regio.com.pl\/wp-content\/uploads\/2025\/12\/dom-prefabrykowany.png\" alt=\"\" class=\"wp-image-605\" srcset=\"https:\/\/regio.com.pl\/wp-content\/uploads\/2025\/12\/dom-prefabrykowany.png 997w, https:\/\/regio.com.pl\/wp-content\/uploads\/2025\/12\/dom-prefabrykowany-300x225.png 300w, https:\/\/regio.com.pl\/wp-content\/uploads\/2025\/12\/dom-prefabrykowany-768x576.png 768w\" sizes=\"(max-width: 997px) 100vw, 997px\" \/><\/figure>\n\n\n\n<figure class=\"wp-block-image size-large has-custom-border\"><img decoding=\"async\" width=\"1024\" height=\"692\" data-id=\"629\" src=\"https:\/\/regio.com.pl\/wp-content\/uploads\/2025\/12\/Screenshot-2024-12-03-at-16-15-30-Ecologiq-budynki-prefabrykowane-1024x692.png\" alt=\"\" class=\"wp-image-629\" style=\"border-right-style:none;border-right-width:0px;border-left-color:var(--wp--preset--color--white);border-left-width:24px\" srcset=\"https:\/\/regio.com.pl\/wp-content\/uploads\/2025\/12\/Screenshot-2024-12-03-at-16-15-30-Ecologiq-budynki-prefabrykowane-1024x692.png 1024w, https:\/\/regio.com.pl\/wp-content\/uploads\/2025\/12\/Screenshot-2024-12-03-at-16-15-30-Ecologiq-budynki-prefabrykowane-300x203.png 300w, https:\/\/regio.com.pl\/wp-content\/uploads\/2025\/12\/Screenshot-2024-12-03-at-16-15-30-Ecologiq-budynki-prefabrykowane-768x519.png 768w, https:\/\/regio.com.pl\/wp-content\/uploads\/2025\/12\/Screenshot-2024-12-03-at-16-15-30-Ecologiq-budynki-prefabrykowane.png 1260w\" sizes=\"(max-width: 1024px) 100vw, 1024px\" \/><\/figure>\n\n\n\n<figure class=\"wp-block-image size-large\"><img loading=\"lazy\" decoding=\"async\" width=\"1024\" height=\"734\" data-id=\"628\" src=\"https:\/\/regio.com.pl\/wp-content\/uploads\/2025\/12\/Screenshot-2024-12-03-at-16-14-54-Ecologiq-budynki-prefabrykowane-1024x734.png\" alt=\"\" class=\"wp-image-628\" srcset=\"https:\/\/regio.com.pl\/wp-content\/uploads\/2025\/12\/Screenshot-2024-12-03-at-16-14-54-Ecologiq-budynki-prefabrykowane-1024x734.png 1024w, https:\/\/regio.com.pl\/wp-content\/uploads\/2025\/12\/Screenshot-2024-12-03-at-16-14-54-Ecologiq-budynki-prefabrykowane-300x215.png 300w, https:\/\/regio.com.pl\/wp-content\/uploads\/2025\/12\/Screenshot-2024-12-03-at-16-14-54-Ecologiq-budynki-prefabrykowane-768x550.png 768w, https:\/\/regio.com.pl\/wp-content\/uploads\/2025\/12\/Screenshot-2024-12-03-at-16-14-54-Ecologiq-budynki-prefabrykowane.png 1167w\" sizes=\"(max-width: 1024px) 100vw, 1024px\" \/><\/figure>\n\n\n\n<figure class=\"wp-block-image size-large has-custom-border\"><img loading=\"lazy\" decoding=\"async\" width=\"1024\" height=\"680\" data-id=\"784\" src=\"https:\/\/regio.com.pl\/wp-content\/uploads\/2025\/12\/chata-zielarza-4-1024x680.png\" alt=\"\" class=\"wp-image-784\" style=\"border-left-color:var(--wp--preset--color--white);border-left-width:24px\" srcset=\"https:\/\/regio.com.pl\/wp-content\/uploads\/2025\/12\/chata-zielarza-4-1024x680.png 1024w, https:\/\/regio.com.pl\/wp-content\/uploads\/2025\/12\/chata-zielarza-4-300x199.png 300w, https:\/\/regio.com.pl\/wp-content\/uploads\/2025\/12\/chata-zielarza-4-768x510.png 768w, https:\/\/regio.com.pl\/wp-content\/uploads\/2025\/12\/chata-zielarza-4-1536x1020.png 1536w, https:\/\/regio.com.pl\/wp-content\/uploads\/2025\/12\/chata-zielarza-4.png 1594w\" sizes=\"(max-width: 1024px) 100vw, 1024px\" \/><\/figure>\n<\/figure>\n\n\n\n<div style=\"height:50px\" aria-hidden=\"true\" class=\"wp-block-spacer\"><\/div>\n","protected":false},"excerpt":{"rendered":"<p>CHATA POLA ZIELA lokalizacja: Purda, Warmia realizacja koncepcji i projektu wykonawczego: 2022-2023 inwestor: Pola Ziela zesp\u00f3\u0142 projektowy: Piotr Czy\u017cewski powierzchnia [&hellip;]<\/p>\n","protected":false},"author":1,"featured_media":0,"parent":0,"menu_order":0,"comment_status":"closed","ping_status":"closed","template":"","meta":{"_uag_custom_page_level_css":"","site-sidebar-layout":"default","site-content-layout":"","ast-site-content-layout":"default","site-content-style":"default","site-sidebar-style":"default","ast-global-header-display":"","ast-banner-title-visibility":"","ast-main-header-display":"","ast-hfb-above-header-display":"","ast-hfb-below-header-display":"","ast-hfb-mobile-header-display":"","site-post-title":"disabled","ast-breadcrumbs-content":"","ast-featured-img":"","footer-sml-layout":"","ast-disable-related-posts":"","theme-transparent-header-meta":"","adv-header-id-meta":"","stick-header-meta":"","header-above-stick-meta":"","header-main-stick-meta":"","header-below-stick-meta":"","astra-migrate-meta-layouts":"default","ast-page-background-enabled":"default","ast-page-background-meta":{"desktop":{"background-color":"var(--ast-global-color-5)","background-image":"","background-repeat":"repeat","background-position":"center center","background-size":"auto","background-attachment":"scroll","background-type":"","background-media":"","overlay-type":"","overlay-color":"","overlay-opacity":"","overlay-gradient":""},"tablet":{"background-color":"","background-image":"","background-repeat":"repeat","background-position":"center center","background-size":"auto","background-attachment":"scroll","background-type":"","background-media":"","overlay-type":"","overlay-color":"","overlay-opacity":"","overlay-gradient":""},"mobile":{"background-color":"","background-image":"","background-repeat":"repeat","background-position":"center center","background-size":"auto","background-attachment":"scroll","background-type":"","background-media":"","overlay-type":"","overlay-color":"","overlay-opacity":"","overlay-gradient":""}},"ast-content-background-meta":{"desktop":{"background-color":"var(--ast-global-color-4)","background-image":"","background-repeat":"repeat","background-position":"center center","background-size":"auto","background-attachment":"scroll","background-type":"","background-media":"","overlay-type":"","overlay-color":"","overlay-opacity":"","overlay-gradient":""},"tablet":{"background-color":"var(--ast-global-color-4)","background-image":"","background-repeat":"repeat","background-position":"center center","background-size":"auto","background-attachment":"scroll","background-type":"","background-media":"","overlay-type":"","overlay-color":"","overlay-opacity":"","overlay-gradient":""},"mobile":{"background-color":"var(--ast-global-color-4)","background-image":"","background-repeat":"repeat","background-position":"center center","background-size":"auto","background-attachment":"scroll","background-type":"","background-media":"","overlay-type":"","overlay-color":"","overlay-opacity":"","overlay-gradient":""}},"footnotes":""},"class_list":["post-643","page","type-page","status-publish","hentry"],"uagb_featured_image_src":{"full":false,"thumbnail":false,"medium":false,"medium_large":false,"large":false,"1536x1536":false,"2048x2048":false},"uagb_author_info":{"display_name":"regioadmin","author_link":"https:\/\/regio.com.pl\/?author=1"},"uagb_comment_info":0,"uagb_excerpt":"CHATA POLA ZIELA lokalizacja: Purda, Warmia realizacja koncepcji i projektu wykonawczego: 2022-2023 inwestor: Pola Ziela zesp\u00f3\u0142 projektowy: Piotr Czy\u017cewski powierzchnia [&hellip;]","_links":{"self":[{"href":"https:\/\/regio.com.pl\/index.php?rest_route=\/wp\/v2\/pages\/643","targetHints":{"allow":["GET"]}}],"collection":[{"href":"https:\/\/regio.com.pl\/index.php?rest_route=\/wp\/v2\/pages"}],"about":[{"href":"https:\/\/regio.com.pl\/index.php?rest_route=\/wp\/v2\/types\/page"}],"author":[{"embeddable":true,"href":"https:\/\/regio.com.pl\/index.php?rest_route=\/wp\/v2\/users\/1"}],"replies":[{"embeddable":true,"href":"https:\/\/regio.com.pl\/index.php?rest_route=%2Fwp%2Fv2%2Fcomments&post=643"}],"version-history":[{"count":16,"href":"https:\/\/regio.com.pl\/index.php?rest_route=\/wp\/v2\/pages\/643\/revisions"}],"predecessor-version":[{"id":1910,"href":"https:\/\/regio.com.pl\/index.php?rest_route=\/wp\/v2\/pages\/643\/revisions\/1910"}],"wp:attachment":[{"href":"https:\/\/regio.com.pl\/index.php?rest_route=%2Fwp%2Fv2%2Fmedia&parent=643"}],"curies":[{"name":"wp","href":"https:\/\/api.w.org\/{rel}","templated":true}]}}